{"id":1063,"date":"2025-07-31T12:49:00","date_gmt":"2025-07-31T10:49:00","guid":{"rendered":"https:\/\/www.horse-insight.ch\/?post_type=product&#038;p=1063"},"modified":"2025-10-22T14:48:12","modified_gmt":"2025-10-22T12:48:12","slug":"gestion-des-bras-posture-en-salle","status":"publish","type":"product","link":"https:\/\/www.horse-insight.ch\/?product=gestion-des-bras-posture-en-salle","title":{"rendered":"Gestion des bras &#8211; Posture en salle"},"content":{"rendered":"<p>Comprenez l'impact de vos bras sur votre cheval et d\u00e9veloppez une communication fine et respectueuse \u00e0 travers vos mains.<\/p>\n<p><strong>Dur\u00e9e<\/strong>\u00a0: Une session d'une heure et demie<\/p>\n<p><strong>Objectif<\/strong>\u00a0: Ma\u00eetriser l'utilisation de vos mains et bras pour guider votre cheval sans tension ni conflit.<\/p>\n<p><strong>R\u00e9sultats<\/strong>\u00a0: \u00c9tablissez une connexion plus harmonieuse avec votre cheval et am\u00e9liorez la qualit\u00e9 de vos aides manuelles.<\/p>\n<p><strong>B\u00e9n\u00e9fices cl\u00e9s<\/strong>\u00a0:<\/p>\n<ul>\n<li>Identifiez et \u00e9liminez les tensions inconscientes dans vos bras<\/li>\n<li>Apprenez \u00e0 guider avec l\u00e9g\u00e8ret\u00e9 plut\u00f4t que par la force<\/li>\n<li>D\u00e9veloppez une ind\u00e9pendance main-assiette plus efficace<\/li>\n<li>Cr\u00e9ez un dialogue subtil qui respecte la bouche sensible de votre cheval<\/li>\n<\/ul>\n<p><strong>Lieux<\/strong>\u00a0:<\/p>\n<ul>\n<li>Avenches<\/li>\n<li>Echallens<\/li>\n<\/ul>\n<p><strong>Groupe<\/strong>\u00a0: 4 \u00e0 8 cavaliers pour un suivi de qualit\u00e9.<\/p>\n<p><strong>Prix<\/strong>\u00a0: 34.-<\/p>\n<p><strong>Tenue<\/strong>\u00a0: Portez des v\u00eatements confortables (d'\u00e9quitation ou autre), adapt\u00e9s aux mouvements. Les chaussures ne sont pas n\u00e9cessaires.<\/p>\n<p><strong>Conditions d'inscription<\/strong>\u00a0:<\/p>\n<ul>\n<li><strong>Paiement<\/strong>\u00a0: Les paiements peuvent \u00eatre effectu\u00e9s par virement (pr\u00e9f\u00e9rable) ou en esp\u00e8ces sur place.<\/li>\n<li><strong>Remboursement<\/strong>\u00a0: Les cours ne sont ni remboursables, ni \u00e9changeables.<\/li>\n<\/ul>\n<p><strong>Report en cas d'emp\u00eachement<\/strong>\u00a0:<\/p>\n<ul>\n<li>Une fois l'achat valid\u00e9, votre paiement est d\u00fb.<\/li>\n<li>Si vous \u00eates dans l'incapacit\u00e9 de participer, vous pouvez trouver une personne pour reprendre votre place, \u00e0 condition de nous en informer au moins 24 heures \u00e0 l'avance.<\/li>\n<\/ul>\n<p><strong>Paiement sur place<\/strong>\u00a0:<\/p>\n<ul>\n<li>Les participants qui souhaitent payer en esp\u00e8ces doivent confirmer leur pr\u00e9sence au minimum 1 semaine avant le cours.<\/li>\n<li>Cette confirmation est obligatoire pour garantir leur place.<\/li>\n<li>Sans confirmation dans ce d\u00e9lai, la place sera remise en vente.Ma\u00eetrisez la gestion de vos bras et de vos mains pour communiquer avec votre cheval !<\/li>\n<\/ul>\n","protected":false},"excerpt":{"rendered":"<p>Ma\u00eetrisez la gestion de vos bras et de vos mains pour communiquer avec votre cheval !<\/p>\n","protected":false},"featured_media":995,"template":"","meta":{"site-sidebar-layout":"default","site-content-layout":"","ast-site-content-layout":"default","site-content-style":"default","site-sidebar-style":"default","ast-global-header-display":"","ast-banner-title-visibility":"","ast-main-header-display":"","ast-hfb-above-header-display":"","ast-hfb-below-header-display":"","ast-hfb-mobile-header-display":"","site-post-title":"","ast-breadcrumbs-content":"","ast-featured-img":"","footer-sml-layout":"","theme-transparent-header-meta":"default","adv-header-id-meta":"","stick-header-meta":"","header-above-stick-meta":"","header-main-stick-meta":"","header-below-stick-meta":"","astra-migrate-meta-layouts":"set","ast-page-background-enabled":"default","ast-page-background-meta":{"desktop":{"background-color":"var(--ast-global-color-5)","background-image":"","background-repeat":"repeat","background-position":"center center","background-size":"auto","background-attachment":"scroll","background-type":"","background-media":"","overlay-type":"","overlay-color":"","overlay-opacity":"","overlay-gradient":""},"tablet":{"background-color":"","background-image":"","background-repeat":"repeat","background-position":"center center","background-size":"auto","background-attachment":"scroll","background-type":"","background-media":"","overlay-type":"","overlay-color":"","overlay-opacity":"","overlay-gradient":""},"mobile":{"background-color":"","background-image":"","background-repeat":"repeat","background-position":"center center","background-size":"auto","background-attachment":"scroll","background-type":"","background-media":"","overlay-type":"","overlay-color":"","overlay-opacity":"","overlay-gradient":""}},"ast-content-background-meta":{"desktop":{"background-color":"var(--ast-global-color-4)","background-image":"","background-repeat":"repeat","background-position":"center center","background-size":"auto","background-attachment":"scroll","background-type":"","background-media":"","overlay-type":"","overlay-color":"","overlay-opacity":"","overlay-gradient":""},"tablet":{"background-color":"var(--ast-global-color-4)","background-image":"","background-repeat":"repeat","background-position":"center center","background-size":"auto","background-attachment":"scroll","background-type":"","background-media":"","overlay-type":"","overlay-color":"","overlay-opacity":"","overlay-gradient":""},"mobile":{"background-color":"var(--ast-global-color-4)","background-image":"","background-repeat":"repeat","background-position":"center center","background-size":"auto","background-attachment":"scroll","background-type":"","background-media":"","overlay-type":"","overlay-color":"","overlay-opacity":"","overlay-gradient":""}}},"product_brand":[],"product_cat":[40],"product_tag":[],"class_list":{"0":"post-1063","1":"product","2":"type-product","3":"status-publish","4":"has-post-thumbnail","6":"product_cat-cours-postures","7":"desktop-align-left","8":"tablet-align-left","9":"mobile-align-left","11":"first","12":"instock","13":"taxable","14":"shipping-taxable","15":"purchasable","16":"product-type-variable"},"jetpack_sharing_enabled":true,"_links":{"self":[{"href":"https:\/\/www.horse-insight.ch\/index.php?rest_route=\/wp\/v2\/product\/1063","targetHints":{"allow":["GET"]}}],"collection":[{"href":"https:\/\/www.horse-insight.ch\/index.php?rest_route=\/wp\/v2\/product"}],"about":[{"href":"https:\/\/www.horse-insight.ch\/index.php?rest_route=\/wp\/v2\/types\/product"}],"wp:featuredmedia":[{"embeddable":true,"href":"https:\/\/www.horse-insight.ch\/index.php?rest_route=\/wp\/v2\/media\/995"}],"wp:attachment":[{"href":"https:\/\/www.horse-insight.ch\/index.php?rest_route=%2Fwp%2Fv2%2Fmedia&parent=1063"}],"wp:term":[{"taxonomy":"product_brand","embeddable":true,"href":"https:\/\/www.horse-insight.ch\/index.php?rest_route=%2Fwp%2Fv2%2Fproduct_brand&post=1063"},{"taxonomy":"product_cat","embeddable":true,"href":"https:\/\/www.horse-insight.ch\/index.php?rest_route=%2Fwp%2Fv2%2Fproduct_cat&post=1063"},{"taxonomy":"product_tag","embeddable":true,"href":"https:\/\/www.horse-insight.ch\/index.php?rest_route=%2Fwp%2Fv2%2Fproduct_tag&post=1063"}],"curies":[{"name":"wp","href":"https:\/\/api.w.org\/{rel}","templated":true}]}}